{"id":33,"date":"2022-09-22T17:52:07","date_gmt":"2022-09-22T17:52:07","guid":{"rendered":"http:\/\/dli-m.de\/?page_id=33"},"modified":"2023-01-30T09:10:31","modified_gmt":"2023-01-30T09:10:31","slug":"chauffeur-fuer-anwaelte-steuerberater","status":"publish","type":"page","link":"http:\/\/dli-m.de\/en\/chauffeur-fuer-anwaelte-steuerberater","title":{"rendered":"Lawyers \/ Accountants"},"content":{"rendered":"<div data-elementor-type=\"wp-page\" data-elementor-id=\"33\" class=\"elementor elementor-33\">\n\t\t\t\t\t\t<section class=\"elementor-section elementor-top-section elementor-element elementor-element-958b64e elementor-section-height-full elementor-section-boxed elementor-section-height-default elementor-section-items-middle\" data-id=\"958b64e\" data-element_type=\"section\" data-e-type=\"section\" data-settings=\"{&quot;background_background&quot;:&quot;classic&quot;}\">\n\t\t\t\t\t\t<div class=\"elementor-container elementor-column-gap-default\">\n\t\t\t\t\t<div class=\"elementor-column elementor-col-100 elementor-top-column elementor-element elementor-element-44fc89f\" data-id=\"44fc89f\" data-element_type=\"column\" data-e-type=\"column\" data-settings=\"{&quot;background_background&quot;:&quot;classic&quot;}\">\n\t\t\t<div class=\"elementor-widget-wrap elementor-element-populated\">\n\t\t\t\t\t\t<div class=\"elementor-element elementor-element-7592a94 elementor-widget elementor-widget-heading\" data-id=\"7592a94\" data-element_type=\"widget\" data-e-type=\"widget\" data-widget_type=\"heading.default\">\n\t\t\t\t<div class=\"elementor-widget-container\">\n\t\t\t\t\t<h2 class=\"elementor-heading-title elementor-size-xxl\">Luxury Limousine Service<\/h2>\t\t\t\t<\/div>\n\t\t\t\t<\/div>\n\t\t\t\t<div class=\"elementor-element elementor-element-437b563 elementor-widget elementor-widget-heading\" data-id=\"437b563\" data-element_type=\"widget\" data-e-type=\"widget\" data-widget_type=\"heading.default\">\n\t\t\t\t<div class=\"elementor-widget-container\">\n\t\t\t\t\t<h1 class=\"elementor-heading-title elementor-size-large\">Get to your destination with ease and comfort!<\/h1>\t\t\t\t<\/div>\n\t\t\t\t<\/div>\n\t\t\t\t<div class=\"elementor-element elementor-element-c0d1c7e elementor-widget elementor-widget-heading\" data-id=\"c0d1c7e\" data-element_type=\"widget\" data-e-type=\"widget\" data-widget_type=\"heading.default\">\n\t\t\t\t<div class=\"elementor-widget-container\">\n\t\t\t\t\t<h2 class=\"elementor-heading-title elementor-size-small\">Chauffeur Service<\/h2>\t\t\t\t<\/div>\n\t\t\t\t<\/div>\n\t\t\t\t\t<\/div>\n\t\t<\/div>\n\t\t\t\t\t<\/div>\n\t\t<\/section>\n\t\t\t\t<section class=\"elementor-section elementor-top-section elementor-element elementor-element-dd9d1c5 elementor-section-boxed elementor-section-height-default elementor-section-height-default\" data-id=\"dd9d1c5\" data-element_type=\"section\" data-e-type=\"section\">\n\t\t\t\t\t\t<div class=\"elementor-container elementor-column-gap-default\">\n\t\t\t\t\t<div class=\"elementor-column elementor-col-100 elementor-top-column elementor-element elementor-element-877eccd\" data-id=\"877eccd\" data-element_type=\"column\" data-e-type=\"column\">\n\t\t\t<div class=\"elementor-widget-wrap elementor-element-populated\">\n\t\t\t\t\t\t<div class=\"elementor-element elementor-element-127a9eb elementor-widget elementor-widget-heading\" data-id=\"127a9eb\" data-element_type=\"widget\" data-e-type=\"widget\" data-widget_type=\"heading.default\">\n\t\t\t\t<div class=\"elementor-widget-container\">\n\t\t\t\t\t<h2 class=\"elementor-heading-title elementor-size-default\">Choffeur for lawyers, tax consultants<\/h2>\t\t\t\t<\/div>\n\t\t\t\t<\/div>\n\t\t\t\t\t<\/div>\n\t\t<\/div>\n\t\t\t\t\t<\/div>\n\t\t<\/section>\n\t\t\t\t<section class=\"elementor-section elementor-top-section elementor-element elementor-element-71174c6 elementor-section-boxed elementor-section-height-default elementor-section-height-default\" data-id=\"71174c6\" data-element_type=\"section\" data-e-type=\"section\" data-settings=\"{&quot;background_background&quot;:&quot;gradient&quot;}\">\n\t\t\t\t\t\t<div class=\"elementor-container elementor-column-gap-default\">\n\t\t\t\t\t<div class=\"elementor-column elementor-col-100 elementor-top-column elementor-element elementor-element-309ea0db\" data-id=\"309ea0db\" data-element_type=\"column\" data-e-type=\"column\">\n\t\t\t<div class=\"elementor-widget-wrap elementor-element-populated\">\n\t\t\t\t\t\t<div class=\"elementor-element elementor-element-6580c568 elementor-widget__width-initial elementor-widget elementor-widget-text-editor\" data-id=\"6580c568\" data-element_type=\"widget\" data-e-type=\"widget\" data-widget_type=\"text-editor.default\">\n\t\t\t\t<div class=\"elementor-widget-container\">\n\t\t\t\t\t\t\t\t\t<p><\/p>\n<p style=\"text-align: center;\"><span style=\"font-size: 14pt;\">Are you a lawyer, tax consultant or subject to professional secrecy, often on the way to clients?<\/span><br \/><span style=\"font-size: 14pt;\">You want a reliable chauffeur who always picks you up on time and for whom discretion is a matter?<\/span><br \/><span style=\"font-size: 14pt;\">Do you like to use your laptop on the road and talk on the phone?<\/span><\/p>\n<p><span style=\"font-size: 14pt;\"><\/span><\/p>\n<p style=\"text-align: center;\"><span style=\"font-size: 14pt;\">Then try now our Premium-Limousinen-Service with Chauffeur for lawyers and tax consultants. Quiet, trouble-free, comfortable and environmentally friendly in the Tesla Model 3 or Tesla Model Y!<\/span><\/p>\n<p><span style=\"font-size: 14pt;\"><\/span><\/p>\n<p style=\"text-align: center;\"><span style=\"font-size: 14pt;\">We offer you a WIFI-Hotspot (Telekom network), which you can use of course during the entire trip at no extra cost, plus free drinks.<\/span><br \/><span style=\"font-size: 14pt;\">If required, we can sign a non-disclosure agreement (NDA).<\/span><\/p>\n<p><span style=\"font-size: 14pt;\"><\/span><\/p>\n<p style=\"text-align: center;\"><span style=\"font-size: 14pt;\">And all that for the normal price!<\/span><\/p>\n<p><span style=\"font-size: 14pt;\"><\/span><\/p>\n<p style=\"text-align: center;\"><span style=\"font-size: 14pt;\">Get in touch with your reservation request and arrange a one-time or regular pickup by your personal chauffeur today.<\/span><br \/><span style=\"font-size: 14pt;\">Your driver will be happy to be there for you by hour or for entire working days.<\/span><\/p>\n<p><span style=\"font-size: 14pt;\"><\/span><\/p>\n<h2 class=\"wp-block-heading\" style=\"text-align: center;\"><span style=\"font-size: 18pt; color: #ffffff;\">Now new: Mobile Printer + Scanner + Fax + Mail<\/span><\/h2>\n<p><span style=\"font-size: 14pt;\"><\/span><\/p>\n<p style=\"text-align: center;\"><span style=\"font-size: 14pt;\">You want to finish a document on the way, which has to be printed and sent by mail or fax as soon as possible?<\/span><br \/><span style=\"font-size: 14pt;\">Give us a short notice beforehand - then your driver will bring a mobile multifunction device for printing, scanning and faxing. You will also receive envelopes, stamps (+insertion), etc. from your driver.<\/span><br \/><span style=\"font-size: 14pt;\">Our back office will also be happy to support you with other digital delivery options such as De-Mail, E-Post, etc.<\/span><\/p>\n<p><\/p>\t\t\t\t\t\t\t\t<\/div>\n\t\t\t\t<\/div>\n\t\t\t\t\t<\/div>\n\t\t<\/div>\n\t\t\t\t\t<\/div>\n\t\t<\/section>\n\t\t\t\t<section class=\"elementor-section elementor-top-section elementor-element elementor-element-72a0acd elementor-section-boxed elementor-section-height-default elementor-section-height-default\" data-id=\"72a0acd\" data-element_type=\"section\" data-e-type=\"section\">\n\t\t\t\t\t\t<div class=\"elementor-container elementor-column-gap-default\">\n\t\t\t\t\t<div class=\"elementor-column elementor-col-100 elementor-top-column elementor-element elementor-element-639f79d\" data-id=\"639f79d\" data-element_type=\"column\" data-e-type=\"column\">\n\t\t\t<div class=\"elementor-widget-wrap elementor-element-populated\">\n\t\t\t\t\t\t<div class=\"elementor-element elementor-element-1085084 elementor-widget elementor-widget-image\" data-id=\"1085084\" data-element_type=\"widget\" data-e-type=\"widget\" data-widget_type=\"image.default\">\n\t\t\t\t<div class=\"elementor-widget-container\">\n\t\t\t\t\t\t\t\t\t\t\t\t\t\t\t<img fetchpriority=\"high\" decoding=\"async\" width=\"512\" height=\"512\" src=\"https:\/\/dli-m.de\/wp-content\/uploads\/2023\/01\/cropped-cropped-Kopie-von-Rustikal-Gebirge-Logo.png\" class=\"attachment-large size-large wp-image-241\" alt=\"\" srcset=\"https:\/\/dli-m.de\/wp-content\/uploads\/2023\/01\/cropped-cropped-Kopie-von-Rustikal-Gebirge-Logo.png 512w, https:\/\/dli-m.de\/wp-content\/uploads\/2023\/01\/cropped-cropped-Kopie-von-Rustikal-Gebirge-Logo-300x300.png 300w, https:\/\/dli-m.de\/wp-content\/uploads\/2023\/01\/cropped-cropped-Kopie-von-Rustikal-Gebirge-Logo-150x150.png 150w\" sizes=\"(max-width: 512px) 100vw, 512px\" \/>\t\t\t\t\t\t\t\t\t\t\t\t\t\t\t<\/div>\n\t\t\t\t<\/div>\n\t\t\t\t\t<\/div>\n\t\t<\/div>\n\t\t\t\t\t<\/div>\n\t\t<\/section>\n\t\t\t\t<section class=\"elementor-section elementor-top-section elementor-element elementor-element-2850848 elementor-section-boxed elementor-section-height-default elementor-section-height-default\" data-id=\"2850848\" data-element_type=\"section\" data-e-type=\"section\">\n\t\t\t\t\t\t<div class=\"elementor-container elementor-column-gap-default\">\n\t\t\t\t\t<div class=\"elementor-column elementor-col-100 elementor-top-column elementor-element elementor-element-2097a37\" data-id=\"2097a37\" data-element_type=\"column\" data-e-type=\"column\">\n\t\t\t<div class=\"elementor-widget-wrap elementor-element-populated\">\n\t\t\t\t\t\t<div class=\"elementor-element elementor-element-26cfd60 elementor-widget elementor-widget-heading\" data-id=\"26cfd60\" data-element_type=\"widget\" data-e-type=\"widget\" data-widget_type=\"heading.default\">\n\t\t\t\t<div class=\"elementor-widget-container\">\n\t\t\t\t\t<h2 class=\"elementor-heading-title elementor-size-xl\">Contact<\/h2>\t\t\t\t<\/div>\n\t\t\t\t<\/div>\n\t\t\t\t\t<\/div>\n\t\t<\/div>\n\t\t\t\t\t<\/div>\n\t\t<\/section>\n\t\t\t\t<section class=\"elementor-section elementor-top-section elementor-element elementor-element-123f897 elementor-section-boxed elementor-section-height-default elementor-section-height-default\" data-id=\"123f897\" data-element_type=\"section\" data-e-type=\"section\">\n\t\t\t\t\t\t<div class=\"elementor-container elementor-column-gap-default\">\n\t\t\t\t\t<div class=\"elementor-column elementor-col-100 elementor-top-column elementor-element elementor-element-e6b1dfa\" data-id=\"e6b1dfa\" data-element_type=\"column\" data-e-type=\"column\">\n\t\t\t<div class=\"elementor-widget-wrap elementor-element-populated\">\n\t\t\t\t\t\t<div class=\"elementor-element elementor-element-f8014dd elementor-widget elementor-widget-text-editor\" data-id=\"f8014dd\" data-element_type=\"widget\" data-e-type=\"widget\" data-widget_type=\"text-editor.default\">\n\t\t\t\t<div class=\"elementor-widget-container\">\n\t\t\t\t\t\t\t\t\t<h5 style=\"text-align: center;\"><span style=\"color: #7a7a7a;\">DLI Mobility:<\/span><br \/><span style=\"color: #7a7a7a;\"><span style=\"font-weight: normal;\">Maximilian Hild<\/span><br \/><span style=\"font-weight: normal;\">Am Stutenanger 6<\/span><\/span><span style=\"font-weight: normal;\"><br \/><span style=\"color: #7a7a7a;\">85764 Oberschlei\u00dfheim<\/span><br \/><span style=\"color: #7a7a7a;\"><i class=\"fa fa-fw fa-phone-square text-info\" aria-hidden=\"true\"><\/i>Tel: 089-200007920<\/span><br \/><span style=\"color: #7a7a7a;\"><i class=\"fa fa-fw fa-envelope text-info\" aria-hidden=\"true\"><\/i>\u00a0E-Mail: info@dli-m.de<\/span><\/span><\/h5>\t\t\t\t\t\t\t\t<\/div>\n\t\t\t\t<\/div>\n\t\t\t\t\t<\/div>\n\t\t<\/div>\n\t\t\t\t\t<\/div>\n\t\t<\/section>\n\t\t\t\t<section class=\"elementor-section elementor-top-section elementor-element elementor-element-137240b elementor-section-boxed elementor-section-height-default elementor-section-height-default\" data-id=\"137240b\" data-element_type=\"section\" data-e-type=\"section\">\n\t\t\t\t\t\t<div class=\"elementor-container elementor-column-gap-default\">\n\t\t\t\t\t<div class=\"elementor-column elementor-col-25 elementor-top-column elementor-element elementor-element-090ec43\" data-id=\"090ec43\" data-element_type=\"column\" data-e-type=\"column\">\n\t\t\t<div class=\"elementor-widget-wrap\">\n\t\t\t\t\t\t\t<\/div>\n\t\t<\/div>\n\t\t\t\t<div class=\"elementor-column elementor-col-25 elementor-top-column elementor-element elementor-element-9ecf2a3\" data-id=\"9ecf2a3\" data-element_type=\"column\" data-e-type=\"column\">\n\t\t\t<div class=\"elementor-widget-wrap elementor-element-populated\">\n\t\t\t\t\t\t<div class=\"elementor-element elementor-element-89e3dd0 elementor-view-default elementor-widget elementor-widget-icon\" data-id=\"89e3dd0\" data-element_type=\"widget\" data-e-type=\"widget\" data-widget_type=\"icon.default\">\n\t\t\t\t<div class=\"elementor-widget-container\">\n\t\t\t\t\t\t\t<div class=\"elementor-icon-wrapper\">\n\t\t\t<a class=\"elementor-icon\" href=\"mailto:info@dli-m.de\" target=\"_blank\">\n\t\t\t<i aria-hidden=\"true\" class=\"fas fa-at\"><\/i>\t\t\t<\/a>\n\t\t<\/div>\n\t\t\t\t\t\t<\/div>\n\t\t\t\t<\/div>\n\t\t\t\t\t<\/div>\n\t\t<\/div>\n\t\t\t\t<div class=\"elementor-column elementor-col-25 elementor-top-column elementor-element elementor-element-044cdac\" data-id=\"044cdac\" data-element_type=\"column\" data-e-type=\"column\">\n\t\t\t<div class=\"elementor-widget-wrap elementor-element-populated\">\n\t\t\t\t\t\t<div class=\"elementor-element elementor-element-1feed21 elementor-view-default elementor-widget elementor-widget-icon\" data-id=\"1feed21\" data-element_type=\"widget\" data-e-type=\"widget\" data-widget_type=\"icon.default\">\n\t\t\t\t<div class=\"elementor-widget-container\">\n\t\t\t\t\t\t\t<div class=\"elementor-icon-wrapper\">\n\t\t\t<a class=\"elementor-icon\" href=\"https:\/\/wa.me\/491623472907\" target=\"_blank\">\n\t\t\t<i aria-hidden=\"true\" class=\"fab fa-whatsapp\"><\/i>\t\t\t<\/a>\n\t\t<\/div>\n\t\t\t\t\t\t<\/div>\n\t\t\t\t<\/div>\n\t\t\t\t\t<\/div>\n\t\t<\/div>\n\t\t\t\t<div class=\"elementor-column elementor-col-25 elementor-top-column elementor-element elementor-element-ed7643b\" data-id=\"ed7643b\" data-element_type=\"column\" data-e-type=\"column\">\n\t\t\t<div class=\"elementor-widget-wrap\">\n\t\t\t\t\t\t\t<\/div>\n\t\t<\/div>\n\t\t\t\t\t<\/div>\n\t\t<\/section>\n\t\t\t\t<\/div>","protected":false},"excerpt":{"rendered":"<p>Luxury Limousine Service &#8230;mit Leichtigkeit und Komfort an Ihr Ziel! Chauffeurservice Choffeur f\u00fcr Anw\u00e4lte, Steuerberater Sie sind als Anw\u00e4lt*in, Steuerberater*in, Berufsgeheimnistr\u00e4ger*in oft unterwegs zu Mandanten?Sie w\u00fcnschen sich einen zuverl\u00e4ssigen Chauffeur, der Sie stets p\u00fcnktlich abholt und f\u00fcr den Diskretion eine Selbstverst\u00e4ndlichkeit ist?Sie arbeiten gerne von unterwegs am Laptop und telefonieren viel? Dann testen Sie jetzt [&hellip;]<\/p>\n","protected":false},"author":1,"featured_media":0,"parent":0,"menu_order":1,"comment_status":"closed","ping_status":"closed","template":"","meta":{"ocean_post_layout":"full-screen","ocean_both_sidebars_style":"","ocean_both_sidebars_content_width":0,"ocean_both_sidebars_sidebars_width":0,"ocean_sidebar":"0","ocean_second_sidebar":"0","ocean_disable_margins":"enable","ocean_add_body_class":"","ocean_shortcode_before_top_bar":"","ocean_shortcode_after_top_bar":"","ocean_shortcode_before_header":"","ocean_shortcode_after_header":"","ocean_has_shortcode":"","ocean_shortcode_after_title":"","ocean_shortcode_before_footer_widgets":"","ocean_shortcode_after_footer_widgets":"","ocean_shortcode_before_footer_bottom":"","ocean_shortcode_after_footer_bottom":"","ocean_display_top_bar":"off","ocean_display_header":"default","ocean_header_style":"","ocean_center_header_left_menu":"0","ocean_custom_header_template":"0","ocean_custom_logo":0,"ocean_custom_retina_logo":0,"ocean_custom_logo_max_width":0,"ocean_custom_logo_tablet_max_width":0,"ocean_custom_logo_mobile_max_width":0,"ocean_custom_logo_max_height":0,"ocean_custom_logo_tablet_max_height":0,"ocean_custom_logo_mobile_max_height":0,"ocean_header_custom_menu":"0","ocean_menu_typo_font_family":"0","ocean_menu_typo_font_subset":"","ocean_menu_typo_font_size":0,"ocean_menu_typo_font_size_tablet":0,"ocean_menu_typo_font_size_mobile":0,"ocean_menu_typo_font_size_unit":"px","ocean_menu_typo_font_weight":"","ocean_menu_typo_font_weight_tablet":"","ocean_menu_typo_font_weight_mobile":"","ocean_menu_typo_transform":"","ocean_menu_typo_transform_tablet":"","ocean_menu_typo_transform_mobile":"","ocean_menu_typo_line_height":0,"ocean_menu_typo_line_height_tablet":0,"ocean_menu_typo_line_height_mobile":0,"ocean_menu_typo_line_height_unit":"","ocean_menu_typo_spacing":0,"ocean_menu_typo_spacing_tablet":0,"ocean_menu_typo_spacing_mobile":0,"ocean_menu_typo_spacing_unit":"","ocean_menu_link_color":"","ocean_menu_link_color_hover":"#f41000","ocean_menu_link_color_active":"#f41000","ocean_menu_link_background":"","ocean_menu_link_hover_background":"","ocean_menu_link_active_background":"","ocean_menu_social_links_bg":"","ocean_menu_social_hover_links_bg":"","ocean_menu_social_links_color":"#f41000","ocean_menu_social_hover_links_color":"","ocean_disable_title":"on","ocean_disable_heading":"default","ocean_post_title":"","ocean_post_subheading":"","ocean_post_title_style":"","ocean_post_title_background_color":"","ocean_post_title_background":0,"ocean_post_title_bg_image_position":"","ocean_post_title_bg_image_attachment":"","ocean_post_title_bg_image_repeat":"","ocean_post_title_bg_image_size":"","ocean_post_title_height":0,"ocean_post_title_bg_overlay":0.5,"ocean_post_title_bg_overlay_color":"","ocean_disable_breadcrumbs":"default","ocean_breadcrumbs_color":"","ocean_breadcrumbs_separator_color":"","ocean_breadcrumbs_links_color":"","ocean_breadcrumbs_links_hover_color":"","ocean_display_footer_widgets":"off","ocean_display_footer_bottom":"off","ocean_custom_footer_template":"0","footnotes":""},"class_list":["post-33","page","type-page","status-publish","hentry","entry"],"_links":{"self":[{"href":"http:\/\/dli-m.de\/en\/wp-json\/wp\/v2\/pages\/33","targetHints":{"allow":["GET"]}}],"collection":[{"href":"http:\/\/dli-m.de\/en\/wp-json\/wp\/v2\/pages"}],"about":[{"href":"http:\/\/dli-m.de\/en\/wp-json\/wp\/v2\/types\/page"}],"author":[{"embeddable":true,"href":"http:\/\/dli-m.de\/en\/wp-json\/wp\/v2\/users\/1"}],"replies":[{"embeddable":true,"href":"http:\/\/dli-m.de\/en\/wp-json\/wp\/v2\/comments?post=33"}],"version-history":[{"count":43,"href":"http:\/\/dli-m.de\/en\/wp-json\/wp\/v2\/pages\/33\/revisions"}],"predecessor-version":[{"id":541,"href":"http:\/\/dli-m.de\/en\/wp-json\/wp\/v2\/pages\/33\/revisions\/541"}],"wp:attachment":[{"href":"http:\/\/dli-m.de\/en\/wp-json\/wp\/v2\/media?parent=33"}],"curies":[{"name":"wp","href":"https:\/\/api.w.org\/{rel}","templated":true}]}}