{"id":6,"date":"2022-09-17T09:28:44","date_gmt":"2022-09-17T09:28:44","guid":{"rendered":"http:\/\/dli-m.de\/?page_id=6"},"modified":"2023-06-07T10:37:47","modified_gmt":"2023-06-07T10:37:47","slug":"impressum","status":"publish","type":"page","link":"https:\/\/dli-m.de\/en\/impressum","title":{"rendered":"Imprint"},"content":{"rendered":"<div data-elementor-type=\"wp-page\" data-elementor-id=\"6\" class=\"elementor elementor-6\">\n\t\t\t\t\t\t<section class=\"elementor-section elementor-top-section elementor-element elementor-element-b3405a0 elementor-section-height-min-height elementor-section-boxed elementor-section-height-default elementor-section-items-middle\" data-id=\"b3405a0\" data-element_type=\"section\" data-e-type=\"section\" data-settings=\"{&quot;background_background&quot;:&quot;classic&quot;}\">\n\t\t\t\t\t\t<div class=\"elementor-container elementor-column-gap-default\">\n\t\t\t\t\t<div class=\"elementor-column elementor-col-100 elementor-top-column elementor-element elementor-element-91a0a8c\" data-id=\"91a0a8c\" data-element_type=\"column\" data-e-type=\"column\">\n\t\t\t<div class=\"elementor-widget-wrap elementor-element-populated\">\n\t\t\t\t\t\t<section class=\"elementor-section elementor-inner-section elementor-element elementor-element-0de58c7 elementor-section-boxed elementor-section-height-default elementor-section-height-default\" data-id=\"0de58c7\" data-element_type=\"section\" data-e-type=\"section\">\n\t\t\t\t\t\t<div class=\"elementor-container elementor-column-gap-default\">\n\t\t\t\t\t<div class=\"elementor-column elementor-col-100 elementor-inner-column elementor-element elementor-element-c41e932\" data-id=\"c41e932\" data-element_type=\"column\" data-e-type=\"column\">\n\t\t\t<div class=\"elementor-widget-wrap elementor-element-populated\">\n\t\t\t\t\t\t<div class=\"elementor-element elementor-element-07805ef elementor-widget elementor-widget-heading\" data-id=\"07805ef\" data-element_type=\"widget\" data-e-type=\"widget\" data-widget_type=\"heading.default\">\n\t\t\t\t<div class=\"elementor-widget-container\">\n\t\t\t\t\t<h2 class=\"elementor-heading-title elementor-size-default\">Luxury Limousine Service<\/h2>\t\t\t\t<\/div>\n\t\t\t\t<\/div>\n\t\t\t\t\t<\/div>\n\t\t<\/div>\n\t\t\t\t\t<\/div>\n\t\t<\/section>\n\t\t\t\t<section class=\"elementor-section elementor-inner-section elementor-element elementor-element-10f5995 elementor-section-boxed elementor-section-height-default elementor-section-height-default\" data-id=\"10f5995\" data-element_type=\"section\" data-e-type=\"section\">\n\t\t\t\t\t\t<div class=\"elementor-container elementor-column-gap-default\">\n\t\t\t\t\t<div class=\"elementor-column elementor-col-100 elementor-inner-column elementor-element elementor-element-93cd558\" data-id=\"93cd558\" data-element_type=\"column\" data-e-type=\"column\">\n\t\t\t<div class=\"elementor-widget-wrap elementor-element-populated\">\n\t\t\t\t\t\t<div class=\"elementor-element elementor-element-82c02ca elementor-widget elementor-widget-heading\" data-id=\"82c02ca\" data-element_type=\"widget\" data-e-type=\"widget\" data-widget_type=\"heading.default\">\n\t\t\t\t<div class=\"elementor-widget-container\">\n\t\t\t\t\t<h2 class=\"elementor-heading-title elementor-size-default\">Chauffeur Service<\/h2>\t\t\t\t<\/div>\n\t\t\t\t<\/div>\n\t\t\t\t\t<\/div>\n\t\t<\/div>\n\t\t\t\t\t<\/div>\n\t\t<\/section>\n\t\t\t\t\t<\/div>\n\t\t<\/div>\n\t\t\t\t\t<\/div>\n\t\t<\/section>\n\t\t\t\t<section class=\"elementor-section elementor-top-section elementor-element elementor-element-f2f1315 elementor-section-boxed elementor-section-height-default elementor-section-height-default\" data-id=\"f2f1315\" data-element_type=\"section\" data-e-type=\"section\">\n\t\t\t\t\t\t<div class=\"elementor-container elementor-column-gap-default\">\n\t\t\t\t\t<div class=\"elementor-column elementor-col-100 elementor-top-column elementor-element elementor-element-5c0398d\" data-id=\"5c0398d\" data-element_type=\"column\" data-e-type=\"column\">\n\t\t\t<div class=\"elementor-widget-wrap elementor-element-populated\">\n\t\t\t\t\t\t<div class=\"elementor-element elementor-element-3e23412 elementor-widget elementor-widget-heading\" data-id=\"3e23412\" data-element_type=\"widget\" data-e-type=\"widget\" data-widget_type=\"heading.default\">\n\t\t\t\t<div class=\"elementor-widget-container\">\n\t\t\t\t\t<h1 class=\"elementor-heading-title elementor-size-small\">Get to your destination with ease and comfort!<\/h1>\t\t\t\t<\/div>\n\t\t\t\t<\/div>\n\t\t\t\t\t<\/div>\n\t\t<\/div>\n\t\t\t\t\t<\/div>\n\t\t<\/section>\n\t\t\t\t<section class=\"elementor-section elementor-top-section elementor-element elementor-element-61655aa elementor-section-boxed elementor-section-height-default elementor-section-height-default\" data-id=\"61655aa\" data-element_type=\"section\" data-e-type=\"section\">\n\t\t\t\t\t\t<div class=\"elementor-container elementor-column-gap-default\">\n\t\t\t\t\t<div class=\"elementor-column elementor-col-100 elementor-top-column elementor-element elementor-element-066ea25\" data-id=\"066ea25\" data-element_type=\"column\" data-e-type=\"column\">\n\t\t\t<div class=\"elementor-widget-wrap elementor-element-populated\">\n\t\t\t\t\t\t<div class=\"elementor-element elementor-element-9077e5f elementor-absolute elementor-widget elementor-widget-image\" data-id=\"9077e5f\" data-element_type=\"widget\" data-e-type=\"widget\" data-settings=\"{&quot;_position&quot;:&quot;absolute&quot;}\" data-widget_type=\"image.default\">\n\t\t\t\t<div class=\"elementor-widget-container\">\n\t\t\t\t\t\t\t\t\t\t\t\t\t\t\t<img decoding=\"async\" width=\"150\" height=\"150\" src=\"https:\/\/dli-m.de\/wp-content\/uploads\/2023\/01\/cropped-cropped-Kopie-von-Rustikal-Gebirge-Logo-150x150.png\" class=\"attachment-thumbnail size-thumbnail wp-image-241\" alt=\"\" srcset=\"https:\/\/dli-m.de\/wp-content\/uploads\/2023\/01\/cropped-cropped-Kopie-von-Rustikal-Gebirge-Logo-150x150.png 150w, https:\/\/dli-m.de\/wp-content\/uploads\/2023\/01\/cropped-cropped-Kopie-von-Rustikal-Gebirge-Logo-300x300.png 300w, https:\/\/dli-m.de\/wp-content\/uploads\/2023\/01\/cropped-cropped-Kopie-von-Rustikal-Gebirge-Logo.png 512w\" sizes=\"(max-width: 150px) 100vw, 150px\" \/>\t\t\t\t\t\t\t\t\t\t\t\t\t\t\t<\/div>\n\t\t\t\t<\/div>\n\t\t\t\t\t<\/div>\n\t\t<\/div>\n\t\t\t\t\t<\/div>\n\t\t<\/section>\n\t\t\t\t<section class=\"elementor-section elementor-top-section elementor-element elementor-element-4e777c90 elementor-section-boxed elementor-section-height-default elementor-section-height-default\" data-id=\"4e777c90\" data-element_type=\"section\" data-e-type=\"section\" data-settings=\"{&quot;background_background&quot;:&quot;gradient&quot;}\">\n\t\t\t\t\t\t<div class=\"elementor-container elementor-column-gap-default\">\n\t\t\t\t\t<div class=\"elementor-column elementor-col-100 elementor-top-column elementor-element elementor-element-1a7c1df1\" data-id=\"1a7c1df1\" data-element_type=\"column\" data-e-type=\"column\">\n\t\t\t<div class=\"elementor-widget-wrap elementor-element-populated\">\n\t\t\t\t\t\t<div class=\"elementor-element elementor-element-280bf13 elementor-widget elementor-widget-heading\" data-id=\"280bf13\" data-element_type=\"widget\" data-e-type=\"widget\" data-widget_type=\"heading.default\">\n\t\t\t\t<div class=\"elementor-widget-container\">\n\t\t\t\t\t<h2 class=\"elementor-heading-title elementor-size-xl\">Imprint<\/h2>\t\t\t\t<\/div>\n\t\t\t\t<\/div>\n\t\t\t\t<div class=\"elementor-element elementor-element-4eae2b1d elementor-widget elementor-widget-text-editor\" data-id=\"4eae2b1d\" data-element_type=\"widget\" data-e-type=\"widget\" data-widget_type=\"text-editor.default\">\n\t\t\t\t<div class=\"elementor-widget-container\">\n\t\t\t\t\t\t\t\t\t\n<h2 class=\"wp-block-heading\" style=\"text-align: center;\">Information in accordance with Section 5 TMG<\/h2>\n\n<p style=\"text-align: center;\">DLI Mobility UG (haftungsbeschr\u00e4nkt)<br \/>Am Stutenanger 6<br \/>85764 Oberschlei\u00dfheim<\/p>\n\n<p style=\"text-align: center;\">Register Number: HRB 277251<br \/>Register Court: M\u00fcnchen<\/p>\n\n<p style=\"text-align: center;\"><strong>Represented by:<\/strong><br \/>Maximilian Hild<\/p>\n\n<h2 class=\"wp-block-heading\" style=\"text-align: center;\">Contact<\/h2>\n\n<p style=\"text-align: center;\">Telefon: +49 89 200 00 79 20<br \/>E-Mail: impressum@dli-m.de<\/p>\n\n<h2 class=\"wp-block-heading\" style=\"text-align: center;\">Postal Address<\/h2>\n\n<p style=\"text-align: center;\">CAYA Postbox 782769<br \/>96035 Bamberg<\/p>\n\n<h2 class=\"wp-block-heading\" style=\"text-align: center;\">VAT number<\/h2>\n\n<p style=\"text-align: center;\">VAT identification number in accordance with Section 27 a of the German VAT act: DE354679094<br \/>DE354679094<\/p>\n\n<h2 class=\"wp-block-heading\" style=\"text-align: center;\">Supervisory Authority<\/h2>\n\n<p style=\"text-align: center;\">Landratsamt M\u00fcnchen<br \/>Mariahilfpl. 17<br \/>81541 M\u00fcnchen<br \/><a href=\"https:\/\/www.landkreis-muenchen.de\/\" target=\"_blank\" rel=\"noreferrer noopener\">https:\/\/www.landkreis-muenchen.de\/<\/a><\/p>\n\n<h2 class=\"wp-block-heading\" style=\"text-align: center;\">EU Dispute Resolution<\/h2>\n\n<p style=\"text-align: center;\">The European Commission provides a platform for online dispute resolution (OS):<br \/><a href=\"https:\/\/ec.europa.eu\/consumers\/odr\/\">https:\/\/ec.europa.eu\/consumers\/odr\/<\/a>.<br \/>You can find our e-mail address in the imprint above.<\/p>\n\n<h2 class=\"wp-block-heading\" style=\"text-align: center;\">Consumer dispute resolution\/universal arbitration board<\/h2>\n\n<p style=\"text-align: center;\">We are not obliged to participate in dispute resolution proceedings before a consumer arbitration board.<br \/>Source:<br \/><a href=\"https:\/\/www.e-recht24.de\" target=\"_blank\" rel=\"noreferrer noopener\">https:\/\/www.e-recht24.de<\/a><\/p>\n\t\t\t\t\t\t\t\t<\/div>\n\t\t\t\t<\/div>\n\t\t\t\t\t<\/div>\n\t\t<\/div>\n\t\t\t\t\t<\/div>\n\t\t<\/section>\n\t\t\t\t<\/div>","protected":false},"excerpt":{"rendered":"<p>Luxury Limousine Service Chauffeurservice &#8230;mit Leichtigkeit und Komfort an Ihr Ziel! Impressum Angaben gem\u00e4\u00df \u00a7 5 TMG DLI Mobility UG (haftungsbeschr\u00e4nkt)Am Stutenanger 685764 Oberschlei\u00dfheim Handelsregister: HRB 277251Registergericht: M\u00fcnchen Vertreten durch:Maximilian Hild Kontakt Telefon: +49 89 200 00 79 20E-Mail: impressum@dli-m.de Postadresse CAYA Postbox 78276996035 Bamberg Umsatzsteuer-ID Umsatzsteuer-Identifikationsnummer gem\u00e4\u00df \u00a7 27 a Umsatzsteuergesetz:DE354679094 Aufsichtsbeh\u00f6rde Landratsamt M\u00fcnchenMariahilfpl. [&hellip;]<\/p>\n","protected":false},"author":1,"featured_media":0,"parent":0,"menu_order":0,"comment_status":"closed","ping_status":"closed","template":"","meta":{"ocean_post_layout":"full-screen","ocean_both_sidebars_style":"","ocean_both_sidebars_content_width":0,"ocean_both_sidebars_sidebars_width":0,"ocean_sidebar":"0","ocean_second_sidebar":"0","ocean_disable_margins":"enable","ocean_add_body_class":"","ocean_shortcode_before_top_bar":"","ocean_shortcode_after_top_bar":"","ocean_shortcode_before_header":"","ocean_shortcode_after_header":"","ocean_has_shortcode":"","ocean_shortcode_after_title":"","ocean_shortcode_before_footer_widgets":"","ocean_shortcode_after_footer_widgets":"","ocean_shortcode_before_footer_bottom":"","ocean_shortcode_after_footer_bottom":"","ocean_display_top_bar":"off","ocean_display_header":"default","ocean_header_style":"","ocean_center_header_left_menu":"0","ocean_custom_header_template":"0","ocean_custom_logo":0,"ocean_custom_retina_logo":0,"ocean_custom_logo_max_width":0,"ocean_custom_logo_tablet_max_width":0,"ocean_custom_logo_mobile_max_width":0,"ocean_custom_logo_max_height":0,"ocean_custom_logo_tablet_max_height":0,"ocean_custom_logo_mobile_max_height":0,"ocean_header_custom_menu":"0","ocean_menu_typo_font_family":"0","ocean_menu_typo_font_subset":"","ocean_menu_typo_font_size":0,"ocean_menu_typo_font_size_tablet":0,"ocean_menu_typo_font_size_mobile":0,"ocean_menu_typo_font_size_unit":"px","ocean_menu_typo_font_weight":"","ocean_menu_typo_font_weight_tablet":"","ocean_menu_typo_font_weight_mobile":"","ocean_menu_typo_transform":"","ocean_menu_typo_transform_tablet":"","ocean_menu_typo_transform_mobile":"","ocean_menu_typo_line_height":0,"ocean_menu_typo_line_height_tablet":0,"ocean_menu_typo_line_height_mobile":0,"ocean_menu_typo_line_height_unit":"","ocean_menu_typo_spacing":0,"ocean_menu_typo_spacing_tablet":0,"ocean_menu_typo_spacing_mobile":0,"ocean_menu_typo_spacing_unit":"","ocean_menu_link_color":"","ocean_menu_link_color_hover":"#f41000","ocean_menu_link_color_active":"#f41000","ocean_menu_link_background":"","ocean_menu_link_hover_background":"","ocean_menu_link_active_background":"","ocean_menu_social_links_bg":"","ocean_menu_social_hover_links_bg":"","ocean_menu_social_links_color":"","ocean_menu_social_hover_links_color":"","ocean_disable_title":"on","ocean_disable_heading":"default","ocean_post_title":"","ocean_post_subheading":"","ocean_post_title_style":"","ocean_post_title_background_color":"","ocean_post_title_background":0,"ocean_post_title_bg_image_position":"","ocean_post_title_bg_image_attachment":"","ocean_post_title_bg_image_repeat":"","ocean_post_title_bg_image_size":"","ocean_post_title_height":0,"ocean_post_title_bg_overlay":0.5,"ocean_post_title_bg_overlay_color":"","ocean_disable_breadcrumbs":"default","ocean_breadcrumbs_color":"","ocean_breadcrumbs_separator_color":"","ocean_breadcrumbs_links_color":"","ocean_breadcrumbs_links_hover_color":"","ocean_display_footer_widgets":"off","ocean_display_footer_bottom":"off","ocean_custom_footer_template":"0","footnotes":""},"class_list":["post-6","page","type-page","status-publish","hentry","entry"],"_links":{"self":[{"href":"https:\/\/dli-m.de\/en\/wp-json\/wp\/v2\/pages\/6","targetHints":{"allow":["GET"]}}],"collection":[{"href":"https:\/\/dli-m.de\/en\/wp-json\/wp\/v2\/pages"}],"about":[{"href":"https:\/\/dli-m.de\/en\/wp-json\/wp\/v2\/types\/page"}],"author":[{"embeddable":true,"href":"https:\/\/dli-m.de\/en\/wp-json\/wp\/v2\/users\/1"}],"replies":[{"embeddable":true,"href":"https:\/\/dli-m.de\/en\/wp-json\/wp\/v2\/comments?post=6"}],"version-history":[{"count":77,"href":"https:\/\/dli-m.de\/en\/wp-json\/wp\/v2\/pages\/6\/revisions"}],"predecessor-version":[{"id":1040,"href":"https:\/\/dli-m.de\/en\/wp-json\/wp\/v2\/pages\/6\/revisions\/1040"}],"wp:attachment":[{"href":"https:\/\/dli-m.de\/en\/wp-json\/wp\/v2\/media?parent=6"}],"curies":[{"name":"wp","href":"https:\/\/api.w.org\/{rel}","templated":true}]}}